{"id":49,"date":"2020-11-17T10:23:35","date_gmt":"2020-11-17T09:23:35","guid":{"rendered":"http:\/\/esj.sciencespo-lille.eu\/?page_id=49"},"modified":"2024-10-11T14:40:48","modified_gmt":"2024-10-11T12:40:48","slug":"presentation","status":"publish","type":"page","link":"https:\/\/esj.sciencespo-lille.eu\/","title":{"rendered":"Pr\u00e9sentation du double dipl\u00f4me SPL \/ ESJ"},"content":{"rendered":"<p>Bienvenue sur le site du <strong>double-dipl\u00f4me Sciences Po Lille \/ ESJ<\/strong>.<\/p>\n\n\n<h2 class=\"wp-block-heading\" id=\"objectif-de-la-formation\">Objectif de la formation<\/h2>\n\n\n\n<p>Le\u00a0<strong>double-dipl\u00f4me Sciences Po Lille \/ Ecole Sup\u00e9rieure de Journalisme de Lille (ESJ)\u00a0<\/strong>forme de futurs professionnel.les de l\u2019information.<\/p>\n\n\n\n<p>Les \u00e9tudiant.es s\u00e9lectionn\u00e9s chaque ann\u00e9e par concours re\u00e7oivent pendant deux ans une formation\u00a0<strong>\u00ab polym\u00e9dia \u00bb\u00a0<\/strong>(radio, t\u00e9l\u00e9, presse \u00e9crite, agence, web) et b\u00e9n\u00e9ficient d\u2019un enseignement assur\u00e9 par des professionnel.les dans un environnement adapt\u00e9 \u00e0 l\u2019apprentissage\u00a0<strong>des principales techniques journalistiques actuelles\u00a0<\/strong>(studios TV, radio, syst\u00e8mes d\u2019information).<\/p>\n\n\n\n<p>Les \u00e9tudiant.es re\u00e7oivent \u00e9galement, lors de la premi\u00e8re ann\u00e9e, des cours sur l\u2019histoire des m\u00e9dias, le droit de la presse, l\u2019\u00e9conomie des m\u00e9dias, la sociologie du journalisme. En deuxi\u00e8me ann\u00e9e, les \u00e9l\u00e8ves b\u00e9n\u00e9ficient de modules th\u00e9matiques destin\u00e9s \u00e0 affiner leur compr\u00e9hension de l\u2019actualit\u00e9 : politique, \u00e9conomie, justice ainsi qu\u2019un enseignement au choix parmi trois options : environnement, sant\u00e9, sport.<\/p>\n\n\n\n<p>Les \u00e9tudiant.es\u00a0<strong>de troisi\u00e8me ann\u00e9e\u00a0<\/strong>(FG\/FB) et\u00a0<strong>de quatri\u00e8me ann\u00e9e\u00a0<\/strong>(FG\/FB\/FA\/FE) de Sciences Po Lille passent le concours d\u2019entr\u00e9e, sous certaines conditions, en suivant une voie d\u2019acc\u00e8s r\u00e9serv\u00e9e. Cette proc\u00e9dure d\u2019acc\u00e8s en cinqui\u00e8me ann\u00e9e reste tr\u00e8s s\u00e9lective.<\/p>\n\n\n\n<p>L\u2019accord entre les deux \u00e9coles se traduit par la d\u00e9livrance aux \u00e9tudiant.es d\u2019un double-dipl\u00f4me : celui de\u00a0<strong>l\u2019ESJ Lille\u00a0<\/strong>(reconnu par la profession) et celui de\u00a0<strong>Sciences Po Lille\u00a0<\/strong>(valant grade de Master).<\/p>\n\n\n\n<div class=\"wp-block-group\"><div class=\"wp-block-group__inner-container is-layout-flow wp-block-group-is-layout-flow\">\n<hr class=\"wp-block-separator has-css-opacity aligncenter is-style-wide\"\/>\n<\/div><\/div>\n\n\n\n<h2 class=\"wp-block-heading\" id=\"principaux-debouches\">Principaux d\u00e9bouch\u00e9s<\/h2>\n\n\n\n<p><strong>Le double-dipl\u00f4me Sciences Po Lille \/ Ecole Sup\u00e9rieure de Journalisme de Lille (ESJ)\u00a0<\/strong>forme les \u00e9tudiant.es aux\u00a0<strong>m\u00e9tiers de journaliste\u00a0<\/strong>au sein d\u2019une large diversit\u00e9 de r\u00e9dactions :\u00a0<strong>presse \u00e9crite, web, radio, t\u00e9l\u00e9vision.<\/strong><\/p>\n\n\n\n<hr class=\"wp-block-separator has-css-opacity is-style-wide\"\/>\n\n\n\n<h2 class=\"wp-block-heading\" id=\"responsable-de-la-formation-a-sciences-po-lille\">Responsable de la formation \u00e0 Sciences Po Lille<\/h2>\n\n\n\n<div class=\"wp-block-media-text alignwide is-stacked-on-mobile\" style=\"grid-template-columns:32% auto\"><figure class=\"wp-block-media-text__media\"><img fetchpriority=\"high\" decoding=\"async\" width=\"1024\" height=\"1024\" src=\"http:\/\/esj.sciencespo-lille.eu\/wp-content\/uploads\/2020\/12\/130668774_446683353023087_6481430121194422783_n-1024x1024.png\" alt=\"\" class=\"wp-image-129 size-full\" srcset=\"https:\/\/esj.sciencespo-lille.eu\/wp-content\/uploads\/2020\/12\/130668774_446683353023087_6481430121194422783_n-1024x1024.png 1024w, https:\/\/esj.sciencespo-lille.eu\/wp-content\/uploads\/2020\/12\/130668774_446683353023087_6481430121194422783_n-300x300.png 300w, https:\/\/esj.sciencespo-lille.eu\/wp-content\/uploads\/2020\/12\/130668774_446683353023087_6481430121194422783_n-150x150.png 150w, https:\/\/esj.sciencespo-lille.eu\/wp-content\/uploads\/2020\/12\/130668774_446683353023087_6481430121194422783_n-768x768.png 768w, https:\/\/esj.sciencespo-lille.eu\/wp-content\/uploads\/2020\/12\/130668774_446683353023087_6481430121194422783_n.png 1181w\" sizes=\"(max-width: 1024px) 100vw, 1024px\" \/><\/figure><div class=\"wp-block-media-text__content\">\n<p><strong>Nicolas Kaciaf<\/strong><\/p>\n\n\n\n<p><strong>Ma\u00eetre de conf\u00e9rences en science politique<\/strong><\/p>\n\n\n\n<p><a href=\"https:\/\/www.sciencespo-lille.eu\/annuaire-des-enseignants\/m-kaciaf-nicolas\">https:\/\/www.sciencespo-lille.eu\/annuaire-des-enseignants\/m-kaciaf-nicolas<\/a><\/p>\n<\/div><\/div>\n\n\n\n<h2 class=\"wp-block-heading\">&nbsp;<\/h2>\n\n\n\n<h2 class=\"wp-block-heading\" id=\"responsable-de-la-premiere-annee-de-master\">Responsable de la premi\u00e8re ann\u00e9e de Master<\/h2>\n\n\n\n<p><strong>Marie Tranchant<\/strong><\/p>\n\n\n\n<hr class=\"wp-block-separator has-css-opacity is-style-wide\"\/>\n\n\n\n<h2 class=\"wp-block-heading\" id=\"edito-du-responsable-du-double-diplome-sciences-po-lille-esj\">\u00c9dito du responsable du double-dipl\u00f4me Sciences Po Lille \/ ESJ<\/h2>\n\n\n\n<p>Depuis 2010, Sciences Po Lille et l\u2019Ecole sup\u00e9rieure de journalisme de Lille ont mutualis\u00e9 leurs forces pour proposer un double dipl\u00f4me de master en \u00ab\u00a0Journalisme\u00a0\u00bb, afin de permettre aux futurs professionnel.les des m\u00e9dias de disposer d\u2019une tr\u00e8s large palette de comp\u00e9tences et de connaissances. Dans un contexte de profondes transformations du monde m\u00e9diatique et de red\u00e9finition de la place d\u00e9volue aux journalistes dans cet \u00e9cosyst\u00e8me changeant, il nous appara\u00eet fondamental de marier le n\u00e9cessaire apprentissage des savoir-faire techniques \u00e0 une compr\u00e9hension plus fine des domaines d\u2019actualit\u00e9 (politique, justice, \u00e9conomie, environnement, relations internationales, etc.), ainsi qu\u2019\u00e0 l\u2019acquisition des fondements de la r\u00e9flexivit\u00e9 professionnelle. Le partenariat entre les deux \u00e9coles offre \u00e9galement la possibilit\u00e9 aux \u00e9tudiant.es de Sciences Po Lille d\u2019acc\u00e9der directement aux \u00e9preuves orales du concours, moyennant le suivi assidu d\u2019une t\u00e9l\u00e9pr\u00e9paration en ligne. D\u2019autres projets de recherche ou d\u2019enseignement marquent une alliance rendue d\u2019autant plus naturelle qu\u2019\u00e0 peine deux cents m\u00e8tres s\u00e9parent les deux \u00e9tablissements\u00a0!\u00a0<\/p>\n\n\n\n<p class=\"has-text-align-right\"><strong>Nicolas Kaciaf<\/strong><\/p>\n","protected":false},"excerpt":{"rendered":"<p>Bienvenue sur le site du double-dipl\u00f4me Sciences Po Lille \/ ESJ. Objectif de la formation Le\u00a0double-dipl\u00f4me Sciences Po Lille \/ Ecole Sup\u00e9rieure de Journalisme de Lille (ESJ)\u00a0forme de futurs professionnel.les de l\u2019information. Les \u00e9tudiant.es s\u00e9lectionn\u00e9s chaque ann\u00e9e par concours re\u00e7oivent pendant deux ans une formation\u00a0\u00ab polym\u00e9dia \u00bb\u00a0(radio, t\u00e9l\u00e9, presse \u00e9crite, agence, web) et b\u00e9n\u00e9ficient d\u2019un [&hellip;]<\/p>\n","protected":false},"author":1,"featured_media":0,"parent":0,"menu_order":0,"comment_status":"closed","ping_status":"closed","template":"","meta":{"_seopress_robots_primary_cat":"","_seopress_titles_title":"","_seopress_titles_desc":"","_seopress_robots_index":"","ocean_post_layout":"","ocean_both_sidebars_style":"","ocean_both_sidebars_content_width":0,"ocean_both_sidebars_sidebars_width":0,"ocean_sidebar":"0","ocean_second_sidebar":"0","ocean_disable_margins":"enable","ocean_add_body_class":"","ocean_shortcode_before_top_bar":"","ocean_shortcode_after_top_bar":"","ocean_shortcode_before_header":"","ocean_shortcode_after_header":"","ocean_has_shortcode":"","ocean_shortcode_after_title":"","ocean_shortcode_before_footer_widgets":"","ocean_shortcode_after_footer_widgets":"","ocean_shortcode_before_footer_bottom":"","ocean_shortcode_after_footer_bottom":"","ocean_display_top_bar":"default","ocean_display_header":"default","ocean_header_style":"","ocean_center_header_left_menu":"0","ocean_custom_header_template":"0","ocean_custom_logo":0,"ocean_custom_retina_logo":0,"ocean_custom_logo_max_width":0,"ocean_custom_logo_tablet_max_width":0,"ocean_custom_logo_mobile_max_width":0,"ocean_custom_logo_max_height":0,"ocean_custom_logo_tablet_max_height":0,"ocean_custom_logo_mobile_max_height":0,"ocean_header_custom_menu":"0","ocean_menu_typo_font_family":"0","ocean_menu_typo_font_subset":"","ocean_menu_typo_font_size":0,"ocean_menu_typo_font_size_tablet":0,"ocean_menu_typo_font_size_mobile":0,"ocean_menu_typo_font_size_unit":"px","ocean_menu_typo_font_weight":"","ocean_menu_typo_font_weight_tablet":"","ocean_menu_typo_font_weight_mobile":"","ocean_menu_typo_transform":"","ocean_menu_typo_transform_tablet":"","ocean_menu_typo_transform_mobile":"","ocean_menu_typo_line_height":0,"ocean_menu_typo_line_height_tablet":0,"ocean_menu_typo_line_height_mobile":0,"ocean_menu_typo_line_height_unit":"","ocean_menu_typo_spacing":0,"ocean_menu_typo_spacing_tablet":0,"ocean_menu_typo_spacing_mobile":0,"ocean_menu_typo_spacing_unit":"","ocean_menu_link_color":"","ocean_menu_link_color_hover":"","ocean_menu_link_color_active":"","ocean_menu_link_background":"","ocean_menu_link_hover_background":"","ocean_menu_link_active_background":"","ocean_menu_social_links_bg":"","ocean_menu_social_hover_links_bg":"","ocean_menu_social_links_color":"","ocean_menu_social_hover_links_color":"","ocean_disable_title":"default","ocean_disable_heading":"default","ocean_post_title":"","ocean_post_subheading":"","ocean_post_title_style":"","ocean_post_title_background_color":"","ocean_post_title_background":0,"ocean_post_title_bg_image_position":"","ocean_post_title_bg_image_attachment":"","ocean_post_title_bg_image_repeat":"","ocean_post_title_bg_image_size":"","ocean_post_title_height":0,"ocean_post_title_bg_overlay":0.5,"ocean_post_title_bg_overlay_color":"","ocean_disable_breadcrumbs":"default","ocean_breadcrumbs_color":"","ocean_breadcrumbs_separator_color":"","ocean_breadcrumbs_links_color":"","ocean_breadcrumbs_links_hover_color":"","ocean_display_footer_widgets":"default","ocean_display_footer_bottom":"default","ocean_custom_footer_template":"0","footnotes":""},"class_list":["post-49","page","type-page","status-publish","hentry","entry"],"_links":{"self":[{"href":"https:\/\/esj.sciencespo-lille.eu\/index.php\/wp-json\/wp\/v2\/pages\/49","targetHints":{"allow":["GET"]}}],"collection":[{"href":"https:\/\/esj.sciencespo-lille.eu\/index.php\/wp-json\/wp\/v2\/pages"}],"about":[{"href":"https:\/\/esj.sciencespo-lille.eu\/index.php\/wp-json\/wp\/v2\/types\/page"}],"author":[{"embeddable":true,"href":"https:\/\/esj.sciencespo-lille.eu\/index.php\/wp-json\/wp\/v2\/users\/1"}],"replies":[{"embeddable":true,"href":"https:\/\/esj.sciencespo-lille.eu\/index.php\/wp-json\/wp\/v2\/comments?post=49"}],"version-history":[{"count":30,"href":"https:\/\/esj.sciencespo-lille.eu\/index.php\/wp-json\/wp\/v2\/pages\/49\/revisions"}],"predecessor-version":[{"id":392,"href":"https:\/\/esj.sciencespo-lille.eu\/index.php\/wp-json\/wp\/v2\/pages\/49\/revisions\/392"}],"wp:attachment":[{"href":"https:\/\/esj.sciencespo-lille.eu\/index.php\/wp-json\/wp\/v2\/media?parent=49"}],"curies":[{"name":"wp","href":"https:\/\/api.w.org\/{rel}","templated":true}]}}