{"id":39,"date":"2020-11-17T10:16:27","date_gmt":"2020-11-17T09:16:27","guid":{"rendered":"http:\/\/esj.sciencespo-lille.eu\/?page_id=39"},"modified":"2025-12-09T09:19:54","modified_gmt":"2025-12-09T08:19:54","slug":"les-cours-en-cycle-master-1","status":"publish","type":"page","link":"https:\/\/esj.sciencespo-lille.eu\/index.php\/les-cours-en-cycle-master-1\/","title":{"rendered":"Les cours en cycle master"},"content":{"rendered":"\n<p>La scolarit\u00e9 dure deux ans. \u00c0 l&rsquo;issue de ces deux ann\u00e9es, les \u00e9tudiant.es b\u00e9n\u00e9ficient d&rsquo;une double diplomation : le dipl\u00f4me de l&rsquo;ESJ Lille et le&nbsp;dipl\u00f4me de Sciences Po Lille. Les \u00e9l\u00e8ves, 75 par promotion (dont 10 \u00e9tudiants internationaux &#8211; voir onglet \u00ab\u00a0\u00c9tudiants internationaux\u00a0\u00bb) suivent un enseignement g\u00e9n\u00e9raliste en premi\u00e8re ann\u00e9e et sp\u00e9cialis\u00e9 en seconde. Gr\u00e2ce aux stages et aux collaborations avec les entreprises de presse, ils arrivent dans la vie active&nbsp;avec un savoir-faire reconnu et les premiers jalons pos\u00e9s dans les m\u00e9dias. Les \u00e9tudiant.es sont encadr\u00e9s par une \u00e9quipe de journalistes chevronn\u00e9s et aguerris aux exigences de la p\u00e9dagogie, dirig\u00e9s par des responsables de formation pour les enseignements de radio, t\u00e9l\u00e9vision, presse \u00e9crite et&nbsp;multim\u00e9dia.<\/p>\n\n\n\n<p><\/p>\n\n\n\n<h4 class=\"wp-block-heading\"><strong>La scolarit\u00e9 dure deux ans en contr\u00f4le continu<\/strong><\/h4>\n\n\n\n<p>L&rsquo;ann\u00e9e scolaire commence dans la deuxi\u00e8me quinzaine de septembre pour se terminer \u00e0 la fin du mois de mai. La scolarit\u00e9 est d&rsquo;environ 35 heures hebdomadaires auxquelles s&rsquo;ajoute un investissement personnel demand\u00e9 en dehors des heures de pr\u00e9sence \u00e0 l&rsquo;\u00e9cole.&nbsp;Les cours sont obligatoires.&nbsp;Les \u00e9tudiant.es  peuvent travailler les week-end de seconde ann\u00e9e dans de nombreuses r\u00e9dactions, parisiennes majoritairement mais aussi lilloises, partenaires de l&rsquo;ESJ Lille.&nbsp;<\/p>\n\n\n\n<p>Les \u00e9tudiant.es disposent d&rsquo;un mat\u00e9riel professionnel moderne : salles multim\u00e9dia, stations de publication assist\u00e9e par ordinateur, studios radio, plateau t\u00e9l\u00e9, etc. Soit tous les outils d&rsquo;un bon journaliste professionnel.le. Ils ont aussi \u00e0 leur disposition la biblioth\u00e8que la plus riche dans le domaine des m\u00e9dias : 10 000 livres et plus de 300 publications.<br><br>L&rsquo;\u00e9cole recommande \u00e0 chacun.es des \u00e9tudiant.es d&rsquo;\u00eatre en possession d&rsquo;un ordinateur personnel et du permis de conduire.&nbsp;<\/p>\n\n\n\n<h4 class=\"wp-block-heading\">L&rsquo;\u00e9valuation du travail<\/h4>\n\n\n\n<p>L&rsquo;\u00e9valuation du travail est effectu\u00e9e de fa\u00e7on continue par des exercices pratiques et des travaux de contr\u00f4le des connaissances.<\/p>\n\n\n\n<h4 class=\"wp-block-heading\"><strong>Pour l&rsquo;enseignement \u00e0 Sciences Po Lille <\/strong><\/h4>\n\n\n\n<p><strong>La premi\u00e8re ann\u00e9e <\/strong><\/p>\n\n\n\n<p>6 cours de 18 heures chacun : <\/p>\n\n\n\n<ul class=\"wp-block-list\">\n<li>Droit des m\u00e9dias <\/li>\n\n\n\n<li>Economie des m\u00e9dias <\/li>\n\n\n\n<li>Analysing current affairs (en anglais) <\/li>\n\n\n\n<li>Histoire des m\u00e9dias <\/li>\n\n\n\n<li>Sociologie du journalisme <\/li>\n\n\n\n<li>Culture scientifique<\/li>\n<\/ul>\n\n\n\n<p><strong>La deuxi\u00e8me ann\u00e9e <\/strong><\/p>\n\n\n\n<p>3 modules obligatoires de 15 heures chacun pour l&rsquo;ensemble des \u00e9tudiantes et \u00e9tudiants : <\/p>\n\n\n\n<ul class=\"wp-block-list\">\n<li>\u00ab\u00a0Politique\u00a0\u00bb <\/li>\n\n\n\n<li>\u00ab\u00a0Justice\u00a0\u00bb <\/li>\n\n\n\n<li>\u00ab\u00a0Economie\u00a0\u00bb <\/li>\n<\/ul>\n\n\n\n<p>1 module optionnel de 12 heures \u00e0 choisir parmi les 3 propos\u00e9s : <\/p>\n\n\n\n<ul class=\"wp-block-list\">\n<li>\u00ab\u00a0Environnement\u00a0\u00bb <\/li>\n\n\n\n<li>\u00ab\u00a0Sant\u00e9\u00a0\u00bb<\/li>\n\n\n\n<li>\u00ab\u00a0Sport\u00a0\u00bb <\/li>\n<\/ul>\n\n\n\n<p>Toutes les informations relatives au programme de la formation \u00e0 l&rsquo;ESJ sont disponibles <a href=\"http:\/\/esj-lille.fr\/formation.php?id_formation=20\" target=\"_blank\" rel=\"noreferrer noopener\">ici<\/a> (rubrique : \u00ab\u00a0Programme\u00a0\u00bb).<\/p>\n\n\n\n<p class=\"has-text-color has-link-color wp-elements-4399f5f96ece9441dfae5da58f4ac369\" style=\"color:#e81e2b;font-size:21px\"><strong>La maquette<\/strong><\/p>\n\n\n<div class=\"wp-block-image\">\n<figure class=\"aligncenter size-full is-resized\"><img fetchpriority=\"high\" decoding=\"async\" width=\"1574\" height=\"534\" src=\"https:\/\/esj.sciencespo-lille.eu\/wp-content\/uploads\/2025\/12\/Capture-decran-2025-12-09-a-09.19.09.png\" alt=\"\" class=\"wp-image-409\" style=\"width:649px;height:auto\" srcset=\"https:\/\/esj.sciencespo-lille.eu\/wp-content\/uploads\/2025\/12\/Capture-decran-2025-12-09-a-09.19.09.png 1574w, https:\/\/esj.sciencespo-lille.eu\/wp-content\/uploads\/2025\/12\/Capture-decran-2025-12-09-a-09.19.09-300x102.png 300w, https:\/\/esj.sciencespo-lille.eu\/wp-content\/uploads\/2025\/12\/Capture-decran-2025-12-09-a-09.19.09-1024x347.png 1024w, https:\/\/esj.sciencespo-lille.eu\/wp-content\/uploads\/2025\/12\/Capture-decran-2025-12-09-a-09.19.09-768x261.png 768w, https:\/\/esj.sciencespo-lille.eu\/wp-content\/uploads\/2025\/12\/Capture-decran-2025-12-09-a-09.19.09-1536x521.png 1536w\" sizes=\"(max-width: 1574px) 100vw, 1574px\" \/><\/figure><\/div>\n\n<div class=\"wp-block-image\">\n<figure class=\"aligncenter size-full is-resized\"><img decoding=\"async\" width=\"1574\" height=\"472\" src=\"https:\/\/esj.sciencespo-lille.eu\/wp-content\/uploads\/2025\/12\/Capture-decran-2025-12-09-a-09.19.17.png\" alt=\"\" class=\"wp-image-410\" style=\"width:644px;height:auto\" srcset=\"https:\/\/esj.sciencespo-lille.eu\/wp-content\/uploads\/2025\/12\/Capture-decran-2025-12-09-a-09.19.17.png 1574w, https:\/\/esj.sciencespo-lille.eu\/wp-content\/uploads\/2025\/12\/Capture-decran-2025-12-09-a-09.19.17-300x90.png 300w, https:\/\/esj.sciencespo-lille.eu\/wp-content\/uploads\/2025\/12\/Capture-decran-2025-12-09-a-09.19.17-1024x307.png 1024w, https:\/\/esj.sciencespo-lille.eu\/wp-content\/uploads\/2025\/12\/Capture-decran-2025-12-09-a-09.19.17-768x230.png 768w, https:\/\/esj.sciencespo-lille.eu\/wp-content\/uploads\/2025\/12\/Capture-decran-2025-12-09-a-09.19.17-1536x461.png 1536w\" sizes=\"(max-width: 1574px) 100vw, 1574px\" \/><\/figure><\/div>","protected":false},"excerpt":{"rendered":"<p>La scolarit\u00e9 dure deux ans. \u00c0 l&rsquo;issue de ces deux ann\u00e9es, les \u00e9tudiant.es b\u00e9n\u00e9ficient d&rsquo;une double diplomation : le dipl\u00f4me de l&rsquo;ESJ Lille et le&nbsp;dipl\u00f4me de Sciences Po Lille. Les \u00e9l\u00e8ves, 75 par promotion (dont 10 \u00e9tudiants internationaux &#8211; voir onglet \u00ab\u00a0\u00c9tudiants internationaux\u00a0\u00bb) suivent un enseignement g\u00e9n\u00e9raliste en premi\u00e8re ann\u00e9e et sp\u00e9cialis\u00e9 en seconde. Gr\u00e2ce [&hellip;]<\/p>\n","protected":false},"author":1,"featured_media":0,"parent":0,"menu_order":0,"comment_status":"closed","ping_status":"closed","template":"","meta":{"_seopress_robots_primary_cat":"","_seopress_titles_title":"","_seopress_titles_desc":"","_seopress_robots_index":"","ocean_post_layout":"","ocean_both_sidebars_style":"","ocean_both_sidebars_content_width":0,"ocean_both_sidebars_sidebars_width":0,"ocean_sidebar":"0","ocean_second_sidebar":"0","ocean_disable_margins":"enable","ocean_add_body_class":"","ocean_shortcode_before_top_bar":"","ocean_shortcode_after_top_bar":"","ocean_shortcode_before_header":"","ocean_shortcode_after_header":"","ocean_has_shortcode":"","ocean_shortcode_after_title":"","ocean_shortcode_before_footer_widgets":"","ocean_shortcode_after_footer_widgets":"","ocean_shortcode_before_footer_bottom":"","ocean_shortcode_after_footer_bottom":"","ocean_display_top_bar":"default","ocean_display_header":"default","ocean_header_style":"","ocean_center_header_left_menu":"0","ocean_custom_header_template":"0","ocean_custom_logo":0,"ocean_custom_retina_logo":0,"ocean_custom_logo_max_width":0,"ocean_custom_logo_tablet_max_width":0,"ocean_custom_logo_mobile_max_width":0,"ocean_custom_logo_max_height":0,"ocean_custom_logo_tablet_max_height":0,"ocean_custom_logo_mobile_max_height":0,"ocean_header_custom_menu":"0","ocean_menu_typo_font_family":"0","ocean_menu_typo_font_subset":"","ocean_menu_typo_font_size":0,"ocean_menu_typo_font_size_tablet":0,"ocean_menu_typo_font_size_mobile":0,"ocean_menu_typo_font_size_unit":"px","ocean_menu_typo_font_weight":"","ocean_menu_typo_font_weight_tablet":"","ocean_menu_typo_font_weight_mobile":"","ocean_menu_typo_transform":"","ocean_menu_typo_transform_tablet":"","ocean_menu_typo_transform_mobile":"","ocean_menu_typo_line_height":0,"ocean_menu_typo_line_height_tablet":0,"ocean_menu_typo_line_height_mobile":0,"ocean_menu_typo_line_height_unit":"","ocean_menu_typo_spacing":0,"ocean_menu_typo_spacing_tablet":0,"ocean_menu_typo_spacing_mobile":0,"ocean_menu_typo_spacing_unit":"","ocean_menu_link_color":"","ocean_menu_link_color_hover":"","ocean_menu_link_color_active":"","ocean_menu_link_background":"","ocean_menu_link_hover_background":"","ocean_menu_link_active_background":"","ocean_menu_social_links_bg":"","ocean_menu_social_hover_links_bg":"","ocean_menu_social_links_color":"","ocean_menu_social_hover_links_color":"","ocean_disable_title":"default","ocean_disable_heading":"default","ocean_post_title":"","ocean_post_subheading":"","ocean_post_title_style":"","ocean_post_title_background_color":"","ocean_post_title_background":0,"ocean_post_title_bg_image_position":"","ocean_post_title_bg_image_attachment":"","ocean_post_title_bg_image_repeat":"","ocean_post_title_bg_image_size":"","ocean_post_title_height":0,"ocean_post_title_bg_overlay":0.5,"ocean_post_title_bg_overlay_color":"","ocean_disable_breadcrumbs":"default","ocean_breadcrumbs_color":"","ocean_breadcrumbs_separator_color":"","ocean_breadcrumbs_links_color":"","ocean_breadcrumbs_links_hover_color":"","ocean_display_footer_widgets":"default","ocean_display_footer_bottom":"default","ocean_custom_footer_template":"0","footnotes":""},"class_list":["post-39","page","type-page","status-publish","hentry","entry"],"_links":{"self":[{"href":"https:\/\/esj.sciencespo-lille.eu\/index.php\/wp-json\/wp\/v2\/pages\/39","targetHints":{"allow":["GET"]}}],"collection":[{"href":"https:\/\/esj.sciencespo-lille.eu\/index.php\/wp-json\/wp\/v2\/pages"}],"about":[{"href":"https:\/\/esj.sciencespo-lille.eu\/index.php\/wp-json\/wp\/v2\/types\/page"}],"author":[{"embeddable":true,"href":"https:\/\/esj.sciencespo-lille.eu\/index.php\/wp-json\/wp\/v2\/users\/1"}],"replies":[{"embeddable":true,"href":"https:\/\/esj.sciencespo-lille.eu\/index.php\/wp-json\/wp\/v2\/comments?post=39"}],"version-history":[{"count":16,"href":"https:\/\/esj.sciencespo-lille.eu\/index.php\/wp-json\/wp\/v2\/pages\/39\/revisions"}],"predecessor-version":[{"id":411,"href":"https:\/\/esj.sciencespo-lille.eu\/index.php\/wp-json\/wp\/v2\/pages\/39\/revisions\/411"}],"wp:attachment":[{"href":"https:\/\/esj.sciencespo-lille.eu\/index.php\/wp-json\/wp\/v2\/media?parent=39"}],"curies":[{"name":"wp","href":"https:\/\/api.w.org\/{rel}","templated":true}]}}