{"id":33,"date":"2020-11-17T10:11:43","date_gmt":"2020-11-17T09:11:43","guid":{"rendered":"http:\/\/esj.sciencespo-lille.eu\/?page_id=33"},"modified":"2024-10-11T14:51:43","modified_gmt":"2024-10-11T12:51:43","slug":"etudiants-et-etudiantes-internes-a-sciences-po-lille","status":"publish","type":"page","link":"https:\/\/esj.sciencespo-lille.eu\/index.php\/etudiants-et-etudiantes-internes-a-sciences-po-lille\/","title":{"rendered":"Etudiants et \u00e9tudiantes internes \u00e0 Sciences Po Lille"},"content":{"rendered":"\n<p>Comme le pr\u00e9cise la convention entre Sciences Po Lille et l&rsquo;ESJ Lille, les \u00e9tudiant.es de 3e ann\u00e9e (FG, FIFB) et 4e ann\u00e9e (FG, FIFA, FIFE, FIFB) peuvent directement acc\u00e9der aux oraux, \u00e0 condition de suivre une pr\u00e9paration en ligne assur\u00e9e par Alexandre Lenoir (journaliste, formateur en journalisme, ancien de l\u2019ESJ et de Sciences Po Lille) pour les exercices \u00e9crits de questions d&rsquo;actualit\u00e9. Cette pr\u00e9paration se d\u00e9roule chaque ann\u00e9e de la fin janvier \u00e0 la mi-avril.\u00a0<br><br>Pour s&rsquo;inscrire, les \u00e9tudiant.es doivent r\u00e9gler des frais d&rsquo;inscription \u00e0 cette t\u00e9l\u00e9pr\u00e9paration qui d\u00e9pendent de leur \u00e9chelon de bourse<\/p>\n\n\n\n<figure class=\"wp-block-table\"><table><tbody><tr><td>Pr\u00e9paration des \u00e9tudiant.es non boursiers de Sciences Po&nbsp;<\/td><td>125 euros&nbsp;<\/td><\/tr><tr><td>Pr\u00e9paration des \u00e9tudiant.es boursiers \u00e9chelons 0 \u00e0 4 de Sciences Po &nbsp;<\/td><td>25 euros&nbsp;<\/td><\/tr><tr><td>Pr\u00e9paration des \u00e9tudiant.es&nbsp;boursiers \u00e9chelons 5 \u00e0 7 de Sciences Po&nbsp;<\/td><td>Gratuit&nbsp;<\/td><\/tr><\/tbody><\/table><\/figure>\n\n\n\n<p>Ces montants servent \u00e0 couvrir les frais engag\u00e9s par Sciences Po Lille dans le cadre de cette pr\u00e9paration et il est d\u00e9duit des frais de concours que les \u00e9tudiant.es de Sciences Po Lille doivent verser lors de leur inscription au concours.&nbsp;<\/p>\n\n\n\n<p>Le suivi de toute la pr\u00e9paration en ligne est une condition&nbsp;<em>sine qua non<\/em>&nbsp;\u00e0 l\u2019acc\u00e8s direct aux oraux.&nbsp;Mais cet acc\u00e8s n\u2019est cependant pas automatique : \u00e0 l\u2019issue de la t\u00e9l\u00e9pr\u00e9paration (qui \u00e9quivaut aux \u00e9preuves d&rsquo;admissibilit\u00e9 du concours), un jury se r\u00e9unit et se r\u00e9serve la possibilit\u00e9 de ne pas admettre des \u00e9tudiant.es qui n\u2019auraient pas manifest\u00e9 un investissement suffisant pour pr\u00e9tendre int\u00e9grer un master en journalisme.<\/p>\n","protected":false},"excerpt":{"rendered":"<p>Comme le pr\u00e9cise la convention entre Sciences Po Lille et l&rsquo;ESJ Lille, les \u00e9tudiant.es de 3e ann\u00e9e (FG, FIFB) et 4e ann\u00e9e (FG, FIFA, FIFE, FIFB) peuvent directement acc\u00e9der aux oraux, \u00e0 condition de suivre une pr\u00e9paration en ligne assur\u00e9e par Alexandre Lenoir (journaliste, formateur en journalisme, ancien de l\u2019ESJ et de Sciences Po Lille) [&hellip;]<\/p>\n","protected":false},"author":1,"featured_media":0,"parent":0,"menu_order":0,"comment_status":"closed","ping_status":"closed","template":"","meta":{"_seopress_robots_primary_cat":"","_seopress_titles_title":"","_seopress_titles_desc":"","_seopress_robots_index":"","ocean_post_layout":"","ocean_both_sidebars_style":"","ocean_both_sidebars_content_width":0,"ocean_both_sidebars_sidebars_width":0,"ocean_sidebar":"0","ocean_second_sidebar":"0","ocean_disable_margins":"enable","ocean_add_body_class":"","ocean_shortcode_before_top_bar":"","ocean_shortcode_after_top_bar":"","ocean_shortcode_before_header":"","ocean_shortcode_after_header":"","ocean_has_shortcode":"","ocean_shortcode_after_title":"","ocean_shortcode_before_footer_widgets":"","ocean_shortcode_after_footer_widgets":"","ocean_shortcode_before_footer_bottom":"","ocean_shortcode_after_footer_bottom":"","ocean_display_top_bar":"default","ocean_display_header":"default","ocean_header_style":"","ocean_center_header_left_menu":"0","ocean_custom_header_template":"0","ocean_custom_logo":0,"ocean_custom_retina_logo":0,"ocean_custom_logo_max_width":0,"ocean_custom_logo_tablet_max_width":0,"ocean_custom_logo_mobile_max_width":0,"ocean_custom_logo_max_height":0,"ocean_custom_logo_tablet_max_height":0,"ocean_custom_logo_mobile_max_height":0,"ocean_header_custom_menu":"0","ocean_menu_typo_font_family":"0","ocean_menu_typo_font_subset":"","ocean_menu_typo_font_size":0,"ocean_menu_typo_font_size_tablet":0,"ocean_menu_typo_font_size_mobile":0,"ocean_menu_typo_font_size_unit":"px","ocean_menu_typo_font_weight":"","ocean_menu_typo_font_weight_tablet":"","ocean_menu_typo_font_weight_mobile":"","ocean_menu_typo_transform":"","ocean_menu_typo_transform_tablet":"","ocean_menu_typo_transform_mobile":"","ocean_menu_typo_line_height":0,"ocean_menu_typo_line_height_tablet":0,"ocean_menu_typo_line_height_mobile":0,"ocean_menu_typo_line_height_unit":"","ocean_menu_typo_spacing":0,"ocean_menu_typo_spacing_tablet":0,"ocean_menu_typo_spacing_mobile":0,"ocean_menu_typo_spacing_unit":"","ocean_menu_link_color":"","ocean_menu_link_color_hover":"","ocean_menu_link_color_active":"","ocean_menu_link_background":"","ocean_menu_link_hover_background":"","ocean_menu_link_active_background":"","ocean_menu_social_links_bg":"","ocean_menu_social_hover_links_bg":"","ocean_menu_social_links_color":"","ocean_menu_social_hover_links_color":"","ocean_disable_title":"default","ocean_disable_heading":"default","ocean_post_title":"","ocean_post_subheading":"","ocean_post_title_style":"","ocean_post_title_background_color":"","ocean_post_title_background":0,"ocean_post_title_bg_image_position":"","ocean_post_title_bg_image_attachment":"","ocean_post_title_bg_image_repeat":"","ocean_post_title_bg_image_size":"","ocean_post_title_height":0,"ocean_post_title_bg_overlay":0.5,"ocean_post_title_bg_overlay_color":"","ocean_disable_breadcrumbs":"default","ocean_breadcrumbs_color":"","ocean_breadcrumbs_separator_color":"","ocean_breadcrumbs_links_color":"","ocean_breadcrumbs_links_hover_color":"","ocean_display_footer_widgets":"default","ocean_display_footer_bottom":"default","ocean_custom_footer_template":"0","footnotes":""},"class_list":["post-33","page","type-page","status-publish","hentry","entry"],"_links":{"self":[{"href":"https:\/\/esj.sciencespo-lille.eu\/index.php\/wp-json\/wp\/v2\/pages\/33","targetHints":{"allow":["GET"]}}],"collection":[{"href":"https:\/\/esj.sciencespo-lille.eu\/index.php\/wp-json\/wp\/v2\/pages"}],"about":[{"href":"https:\/\/esj.sciencespo-lille.eu\/index.php\/wp-json\/wp\/v2\/types\/page"}],"author":[{"embeddable":true,"href":"https:\/\/esj.sciencespo-lille.eu\/index.php\/wp-json\/wp\/v2\/users\/1"}],"replies":[{"embeddable":true,"href":"https:\/\/esj.sciencespo-lille.eu\/index.php\/wp-json\/wp\/v2\/comments?post=33"}],"version-history":[{"count":9,"href":"https:\/\/esj.sciencespo-lille.eu\/index.php\/wp-json\/wp\/v2\/pages\/33\/revisions"}],"predecessor-version":[{"id":400,"href":"https:\/\/esj.sciencespo-lille.eu\/index.php\/wp-json\/wp\/v2\/pages\/33\/revisions\/400"}],"wp:attachment":[{"href":"https:\/\/esj.sciencespo-lille.eu\/index.php\/wp-json\/wp\/v2\/media?parent=33"}],"curies":[{"name":"wp","href":"https:\/\/api.w.org\/{rel}","templated":true}]}}