{"id":29,"date":"2020-11-17T10:08:15","date_gmt":"2020-11-17T09:08:15","guid":{"rendered":"http:\/\/esj.sciencespo-lille.eu\/?page_id=29"},"modified":"2020-12-12T19:58:17","modified_gmt":"2020-12-12T18:58:17","slug":"etre-en-double-diplome-spl-esj","status":"publish","type":"page","link":"https:\/\/esj.sciencespo-lille.eu\/index.php\/etre-en-double-diplome-spl-esj\/","title":{"rendered":"\u00catre en double-dipl\u00f4me SPL \/ ESJ"},"content":{"rendered":"\n<h2 class=\"has-text-align-center wp-block-heading\">\u00catre en double-dipl\u00f4me SPL \/ ESJ<\/h2>\n\n\n\n<div class=\"wp-block-cover has-black-background-color has-background-dim\" style=\"background-image:url(http:\/\/ap.sciencespo-lille.eu\/wp-content\/uploads\/2020\/12\/thumbnail_Sciences-Po-Lille-Reportage-111-BW.jpg);background-position:56% 7%;min-height:185px;aspect-ratio:unset;\"><div class=\"wp-block-cover__inner-container is-layout-flow wp-block-cover-is-layout-flow\">\n<p class=\"has-text-align-center has-white-color has-text-color\" style=\"font-size:25px\"><a href=\"http:\/\/esj.sciencespo-lille.eu\/index.php\/temoignages-detudiants-et-detudiantes-en-double-diplome-esj\/\">T\u00e9moignages d&rsquo;\u00e9tudiants et d&rsquo;\u00e9tudiantes en double-dipl\u00f4me SPL \/ ESJ<\/a><\/p>\n<\/div><\/div>\n\n\n\n<div style=\"height:30px\" aria-hidden=\"true\" class=\"wp-block-spacer\"><\/div>\n\n\n\n<div class=\"wp-block-cover has-black-background-color has-background-dim\" style=\"background-image:url(http:\/\/ap.sciencespo-lille.eu\/wp-content\/uploads\/2020\/12\/thumbnail_Sciences-Po-Lille-Reportage-111-BW.jpg);background-position:51% 42%;min-height:185px;aspect-ratio:unset;\"><div class=\"wp-block-cover__inner-container is-layout-flow wp-block-cover-is-layout-flow\">\n<p class=\"has-text-align-center has-white-color has-text-color\" style=\"font-size:25px\"><a href=\"http:\/\/esj.sciencespo-lille.eu\/index.php\/conferences-organisees-par-le-double-diplome-sciences-po-lille-esj\/\">Conf\u00e9rences organis\u00e9es par le double-dipl\u00f4me SPL \/ ESJ<\/a><\/p>\n<\/div><\/div>\n\n\n\n<div style=\"height:30px\" aria-hidden=\"true\" class=\"wp-block-spacer\"><\/div>\n\n\n\n<div class=\"wp-block-cover has-black-background-color has-background-dim\" style=\"background-image:url(http:\/\/ap.sciencespo-lille.eu\/wp-content\/uploads\/2020\/12\/thumbnail_Sciences-Po-Lille-Reportage-111-BW.jpg);background-position:66% 74%;min-height:185px;aspect-ratio:unset;\"><div class=\"wp-block-cover__inner-container is-layout-flow wp-block-cover-is-layout-flow\">\n<p class=\"has-text-align-center has-white-color has-text-color\" style=\"font-size:25px\"><a href=\"http:\/\/esj.sciencespo-lille.eu\/index.php\/projets-et-realisations-detudiants-et-detudiantes\/\" target=\"_blank\" rel=\"noreferrer noopener\">Projets et r\u00e9alisations d&rsquo;\u00e9tudiants et <\/a><a rel=\"noreferrer noopener\" href=\"http:\/\/bmv.sciencespo-lille.eu\/index.php\/projets-et-realisations-detudiants-et-detudiantes\/\" target=\"_blank\">d&rsquo;\u00e9tudiantes<\/a><\/p>\n<\/div><\/div>\n\n\n\n<div style=\"height:100px\" aria-hidden=\"true\" class=\"wp-block-spacer\"><\/div>\n\n\n\n<p><\/p>\n","protected":false},"excerpt":{"rendered":"<p>\u00catre en double-dipl\u00f4me SPL \/ ESJ<\/p>\n","protected":false},"author":1,"featured_media":0,"parent":0,"menu_order":0,"comment_status":"closed","ping_status":"closed","template":"","meta":{"_seopress_robots_primary_cat":"","_seopress_titles_title":"","_seopress_titles_desc":"","_seopress_robots_index":"","ocean_post_layout":"","ocean_both_sidebars_style":"","ocean_both_sidebars_content_width":0,"ocean_both_sidebars_sidebars_width":0,"ocean_sidebar":"","ocean_second_sidebar":"","ocean_disable_margins":"enable","ocean_add_body_class":"","ocean_shortcode_before_top_bar":"","ocean_shortcode_after_top_bar":"","ocean_shortcode_before_header":"","ocean_shortcode_after_header":"","ocean_has_shortcode":"","ocean_shortcode_after_title":"","ocean_shortcode_before_footer_widgets":"","ocean_shortcode_after_footer_widgets":"","ocean_shortcode_before_footer_bottom":"","ocean_shortcode_after_footer_bottom":"","ocean_display_top_bar":"default","ocean_display_header":"default","ocean_header_style":"","ocean_center_header_left_menu":"","ocean_custom_header_template":"","ocean_custom_logo":0,"ocean_custom_retina_logo":0,"ocean_custom_logo_max_width":0,"ocean_custom_logo_tablet_max_width":0,"ocean_custom_logo_mobile_max_width":0,"ocean_custom_logo_max_height":0,"ocean_custom_logo_tablet_max_height":0,"ocean_custom_logo_mobile_max_height":0,"ocean_header_custom_menu":"","ocean_menu_typo_font_family":"","ocean_menu_typo_font_subset":"","ocean_menu_typo_font_size":0,"ocean_menu_typo_font_size_tablet":0,"ocean_menu_typo_font_size_mobile":0,"ocean_menu_typo_font_size_unit":"px","ocean_menu_typo_font_weight":"","ocean_menu_typo_font_weight_tablet":"","ocean_menu_typo_font_weight_mobile":"","ocean_menu_typo_transform":"","ocean_menu_typo_transform_tablet":"","ocean_menu_typo_transform_mobile":"","ocean_menu_typo_line_height":0,"ocean_menu_typo_line_height_tablet":0,"ocean_menu_typo_line_height_mobile":0,"ocean_menu_typo_line_height_unit":"","ocean_menu_typo_spacing":0,"ocean_menu_typo_spacing_tablet":0,"ocean_menu_typo_spacing_mobile":0,"ocean_menu_typo_spacing_unit":"","ocean_menu_link_color":"","ocean_menu_link_color_hover":"","ocean_menu_link_color_active":"","ocean_menu_link_background":"","ocean_menu_link_hover_background":"","ocean_menu_link_active_background":"","ocean_menu_social_links_bg":"","ocean_menu_social_hover_links_bg":"","ocean_menu_social_links_color":"","ocean_menu_social_hover_links_color":"","ocean_disable_title":"default","ocean_disable_heading":"default","ocean_post_title":"","ocean_post_subheading":"","ocean_post_title_style":"","ocean_post_title_background_color":"","ocean_post_title_background":0,"ocean_post_title_bg_image_position":"","ocean_post_title_bg_image_attachment":"","ocean_post_title_bg_image_repeat":"","ocean_post_title_bg_image_size":"","ocean_post_title_height":0,"ocean_post_title_bg_overlay":0.5,"ocean_post_title_bg_overlay_color":"","ocean_disable_breadcrumbs":"default","ocean_breadcrumbs_color":"","ocean_breadcrumbs_separator_color":"","ocean_breadcrumbs_links_color":"","ocean_breadcrumbs_links_hover_color":"","ocean_display_footer_widgets":"default","ocean_display_footer_bottom":"default","ocean_custom_footer_template":"","footnotes":""},"class_list":["post-29","page","type-page","status-publish","hentry","entry"],"_links":{"self":[{"href":"https:\/\/esj.sciencespo-lille.eu\/index.php\/wp-json\/wp\/v2\/pages\/29","targetHints":{"allow":["GET"]}}],"collection":[{"href":"https:\/\/esj.sciencespo-lille.eu\/index.php\/wp-json\/wp\/v2\/pages"}],"about":[{"href":"https:\/\/esj.sciencespo-lille.eu\/index.php\/wp-json\/wp\/v2\/types\/page"}],"author":[{"embeddable":true,"href":"https:\/\/esj.sciencespo-lille.eu\/index.php\/wp-json\/wp\/v2\/users\/1"}],"replies":[{"embeddable":true,"href":"https:\/\/esj.sciencespo-lille.eu\/index.php\/wp-json\/wp\/v2\/comments?post=29"}],"version-history":[{"count":4,"href":"https:\/\/esj.sciencespo-lille.eu\/index.php\/wp-json\/wp\/v2\/pages\/29\/revisions"}],"predecessor-version":[{"id":178,"href":"https:\/\/esj.sciencespo-lille.eu\/index.php\/wp-json\/wp\/v2\/pages\/29\/revisions\/178"}],"wp:attachment":[{"href":"https:\/\/esj.sciencespo-lille.eu\/index.php\/wp-json\/wp\/v2\/media?parent=29"}],"curies":[{"name":"wp","href":"https:\/\/api.w.org\/{rel}","templated":true}]}}