{"id":23,"date":"2020-11-17T09:30:46","date_gmt":"2020-11-17T08:30:46","guid":{"rendered":"http:\/\/esj.sciencespo-lille.eu\/?page_id=23"},"modified":"2025-07-17T12:15:15","modified_gmt":"2025-07-17T10:15:15","slug":"contacts","status":"publish","type":"page","link":"https:\/\/esj.sciencespo-lille.eu\/index.php\/contacts\/","title":{"rendered":"Contacts"},"content":{"rendered":"<div class=\"wp-block-image\">\n<figure class=\"aligncenter size-large is-resized\"><img fetchpriority=\"high\" decoding=\"async\" width=\"500\" height=\"500\" src=\"http:\/\/esj.sciencespo-lille.eu\/wp-content\/uploads\/2020\/12\/130802199_406585954085770_7247135593802147570_n.png\" alt=\"\" class=\"wp-image-133\" style=\"width:147px;height:147px\" srcset=\"https:\/\/esj.sciencespo-lille.eu\/wp-content\/uploads\/2020\/12\/130802199_406585954085770_7247135593802147570_n.png 500w, https:\/\/esj.sciencespo-lille.eu\/wp-content\/uploads\/2020\/12\/130802199_406585954085770_7247135593802147570_n-300x300.png 300w, https:\/\/esj.sciencespo-lille.eu\/wp-content\/uploads\/2020\/12\/130802199_406585954085770_7247135593802147570_n-150x150.png 150w\" sizes=\"(max-width: 500px) 100vw, 500px\" \/><\/figure><\/div>\n\n\n<p><mark style=\"background-color:rgba(0, 0, 0, 0);color:#e81e2b\" class=\"has-inline-color\"><strong>Pour les questions concernant<\/strong> <strong>les cours, la formation et le projet professionnel<\/strong><\/mark><strong> <\/strong>: <\/p>\n\n\n\n<ul class=\"wp-block-list\">\n<li><strong>Nicolas Kaciaf<\/strong>\n<ul class=\"wp-block-list\">\n<li>nicolas.kaciaf@sciencespo-lille.eu<\/li>\n\n\n\n<li>Bureau 4.10<\/li>\n<\/ul>\n<\/li>\n<\/ul>\n\n\n\n<ul class=\"wp-block-list\">\n<li><strong>Marie Tranchant <\/strong>\n<ul class=\"wp-block-list\">\n<li>marie.tranchant@esj-lille.fr <\/li>\n<\/ul>\n<\/li>\n<\/ul>\n\n\n\n<p><strong><span style=\"color:#e81e2b\" class=\"has-inline-color\">Pour les questions concernant les modalit\u00e9s pratiques et les conditions d&rsquo;acc\u00e8s \u00e0 la formation<\/span><\/strong> :<\/p>\n\n\n\n<ul class=\"wp-block-list\">\n<li><strong><strong>Marie Lecat<\/strong><\/strong><\/li>\n\n\n\n<li>marie.lecat@sciencespo-lille.eu<\/li>\n\n\n\n<li>03 59 57 65 02<\/li>\n<\/ul>\n\n\n\n<p><\/p>\n\n\n\n<ul class=\"wp-block-list\">\n<li><strong>Nassira Allouss<\/strong>\n<ul class=\"wp-block-list\">\n<li> nassira.allouss@esj-lille.fr<\/li>\n<\/ul>\n<\/li>\n<\/ul>\n\n\n\n<p><\/p>\n","protected":false},"excerpt":{"rendered":"<p>Pour les questions concernant les cours, la formation et le projet professionnel : Pour les questions concernant les modalit\u00e9s pratiques et les conditions d&rsquo;acc\u00e8s \u00e0 la formation :<\/p>\n","protected":false},"author":1,"featured_media":0,"parent":0,"menu_order":0,"comment_status":"closed","ping_status":"closed","template":"","meta":{"_seopress_robots_primary_cat":"","_seopress_titles_title":"","_seopress_titles_desc":"","_seopress_robots_index":"","ocean_post_layout":"","ocean_both_sidebars_style":"","ocean_both_sidebars_content_width":0,"ocean_both_sidebars_sidebars_width":0,"ocean_sidebar":"0","ocean_second_sidebar":"0","ocean_disable_margins":"enable","ocean_add_body_class":"","ocean_shortcode_before_top_bar":"","ocean_shortcode_after_top_bar":"","ocean_shortcode_before_header":"","ocean_shortcode_after_header":"","ocean_has_shortcode":"","ocean_shortcode_after_title":"","ocean_shortcode_before_footer_widgets":"","ocean_shortcode_after_footer_widgets":"","ocean_shortcode_before_footer_bottom":"","ocean_shortcode_after_footer_bottom":"","ocean_display_top_bar":"default","ocean_display_header":"default","ocean_header_style":"","ocean_center_header_left_menu":"0","ocean_custom_header_template":"0","ocean_custom_logo":0,"ocean_custom_retina_logo":0,"ocean_custom_logo_max_width":0,"ocean_custom_logo_tablet_max_width":0,"ocean_custom_logo_mobile_max_width":0,"ocean_custom_logo_max_height":0,"ocean_custom_logo_tablet_max_height":0,"ocean_custom_logo_mobile_max_height":0,"ocean_header_custom_menu":"0","ocean_menu_typo_font_family":"0","ocean_menu_typo_font_subset":"","ocean_menu_typo_font_size":0,"ocean_menu_typo_font_size_tablet":0,"ocean_menu_typo_font_size_mobile":0,"ocean_menu_typo_font_size_unit":"px","ocean_menu_typo_font_weight":"","ocean_menu_typo_font_weight_tablet":"","ocean_menu_typo_font_weight_mobile":"","ocean_menu_typo_transform":"","ocean_menu_typo_transform_tablet":"","ocean_menu_typo_transform_mobile":"","ocean_menu_typo_line_height":0,"ocean_menu_typo_line_height_tablet":0,"ocean_menu_typo_line_height_mobile":0,"ocean_menu_typo_line_height_unit":"","ocean_menu_typo_spacing":0,"ocean_menu_typo_spacing_tablet":0,"ocean_menu_typo_spacing_mobile":0,"ocean_menu_typo_spacing_unit":"","ocean_menu_link_color":"","ocean_menu_link_color_hover":"","ocean_menu_link_color_active":"","ocean_menu_link_background":"","ocean_menu_link_hover_background":"","ocean_menu_link_active_background":"","ocean_menu_social_links_bg":"","ocean_menu_social_hover_links_bg":"","ocean_menu_social_links_color":"","ocean_menu_social_hover_links_color":"","ocean_disable_title":"default","ocean_disable_heading":"default","ocean_post_title":"","ocean_post_subheading":"","ocean_post_title_style":"","ocean_post_title_background_color":"","ocean_post_title_background":0,"ocean_post_title_bg_image_position":"","ocean_post_title_bg_image_attachment":"","ocean_post_title_bg_image_repeat":"","ocean_post_title_bg_image_size":"","ocean_post_title_height":0,"ocean_post_title_bg_overlay":0.5,"ocean_post_title_bg_overlay_color":"","ocean_disable_breadcrumbs":"default","ocean_breadcrumbs_color":"","ocean_breadcrumbs_separator_color":"","ocean_breadcrumbs_links_color":"","ocean_breadcrumbs_links_hover_color":"","ocean_display_footer_widgets":"default","ocean_display_footer_bottom":"default","ocean_custom_footer_template":"0","footnotes":""},"class_list":["post-23","page","type-page","status-publish","hentry","entry"],"_links":{"self":[{"href":"https:\/\/esj.sciencespo-lille.eu\/index.php\/wp-json\/wp\/v2\/pages\/23","targetHints":{"allow":["GET"]}}],"collection":[{"href":"https:\/\/esj.sciencespo-lille.eu\/index.php\/wp-json\/wp\/v2\/pages"}],"about":[{"href":"https:\/\/esj.sciencespo-lille.eu\/index.php\/wp-json\/wp\/v2\/types\/page"}],"author":[{"embeddable":true,"href":"https:\/\/esj.sciencespo-lille.eu\/index.php\/wp-json\/wp\/v2\/users\/1"}],"replies":[{"embeddable":true,"href":"https:\/\/esj.sciencespo-lille.eu\/index.php\/wp-json\/wp\/v2\/comments?post=23"}],"version-history":[{"count":14,"href":"https:\/\/esj.sciencespo-lille.eu\/index.php\/wp-json\/wp\/v2\/pages\/23\/revisions"}],"predecessor-version":[{"id":406,"href":"https:\/\/esj.sciencespo-lille.eu\/index.php\/wp-json\/wp\/v2\/pages\/23\/revisions\/406"}],"wp:attachment":[{"href":"https:\/\/esj.sciencespo-lille.eu\/index.php\/wp-json\/wp\/v2\/media?parent=23"}],"curies":[{"name":"wp","href":"https:\/\/api.w.org\/{rel}","templated":true}]}}