{"id":187,"date":"2020-12-13T11:16:35","date_gmt":"2020-12-13T10:16:35","guid":{"rendered":"http:\/\/esj.sciencespo-lille.eu\/?page_id=187"},"modified":"2024-10-11T14:45:00","modified_gmt":"2024-10-11T12:45:00","slug":"le-concours","status":"publish","type":"page","link":"https:\/\/esj.sciencespo-lille.eu\/index.php\/le-concours\/","title":{"rendered":"Le concours"},"content":{"rendered":"\n<p><\/p>\n\n\n\n<h4 class=\"wp-block-heading\">Comment acc\u00e9der&nbsp;\u00e0 cette formation ?&nbsp;<\/h4>\n\n\n\n<p>On y entre sur concours. Ce dernier est ouvert aux titulaires d&rsquo;une Licence ou de 180 cr\u00e9dits ECTS &#8211; ou d&rsquo;un dipl\u00f4me sup\u00e9rieur &#8211; \u00e0 la date de la rentr\u00e9e scolaire qui suit le concours. Il n&rsquo;est pas pos\u00e9 de condition d&rsquo;\u00e2ge ni de nombre maximal de candidatures au concours d&rsquo;entr\u00e9e.\u00a0<br><br>Le concours est ouvert aux \u00e9tudiant.es de nationalit\u00e9 fran\u00e7aise ou ayant la double nationalit\u00e9 fran\u00e7aise et \u00e9trang\u00e8re. Les autres candidats s&rsquo;orienteront vers la proc\u00e9dure d&rsquo;admission des \u00e9tudiants internationaux.\u00a0<\/p>\n\n\n\n<p><\/p>\n\n\n\n<p><\/p>\n\n\n\n<p><\/p>\n\n\n\n<h4 class=\"wp-block-heading\">Le concours<\/h4>\n\n\n\n<p>Le concours est organis\u00e9 en deux temps : des \u00e9preuves \u00e9crites dites d\u2019admissibilit\u00e9 puis des \u00e9preuves orales d\u2019admission, r\u00e9serv\u00e9es aux candidats d\u00e9clar\u00e9s admissibles par le jury du concours \u00e0 l\u2019issue des \u00e9crits.<\/p>\n\n\n\n<p>Vous pouvez consulter les <strong>annales du concours<\/strong>, en cliquant <a href=\"http:\/\/esj-lille.fr\/annale.php\" target=\"_blank\" rel=\"noreferrer noopener\">ici<\/a>.<\/p>\n\n\n\n<p><\/p>\n\n\n\n<p><\/p>\n\n\n\n<p><\/p>\n\n\n\n<h4 class=\"wp-block-heading\">Quelles \u00e9tudes suivre avant d&rsquo;int\u00e9grer une \u00e9cole de journalisme ?&nbsp;<\/h4>\n\n\n\n<p>Pour les \u00e9l\u00e8ves de terminale ou les \u00e9tudiant.es titulaires de 60 ou 120 cr\u00e9dits ECTS, l&rsquo;ESJ Lille propose, en partenariat avec l&rsquo;Universit\u00e9 de Lille, une formation post bac pour se pr\u00e9parer aux concours des \u00e9coles de journalisme :<a href=\"https:\/\/esj-lille.fr\/academie-esj-lille\/presentation\" target=\"_blank\" rel=\"noreferrer noopener\">\u00a0l&rsquo;Acad\u00e9mie ESJ Lille<\/a>.\u00a0<br>Les 220 heures de cours annuels de l&rsquo;Acad\u00e9mie ESJ Lille font partie int\u00e9grante de la licence et se substituent \u00e0 certains cours de l&rsquo;Universit\u00e9. En trois ans, les \u00e9tudiant.es ont donc obtenu les 180 cr\u00e9dits ECTS n\u00e9cessaires pour s&rsquo;inscrire aux concours des \u00e9coles de journalisme et suivi une pr\u00e9paration sp\u00e9cifique \u00e0 ces concours. Des acc\u00e8s directs sont possibles en L2 et L3.\u00a0<\/p>\n\n\n\n<p><\/p>\n\n\n\n<p><\/p>\n\n\n\n<p><\/p>\n\n\n\n<h4 class=\"wp-block-heading\"><strong>Conditions d&rsquo;admission<\/strong><\/h4>\n\n\n\n<p>Le recrutement des \u00e9tudiant.es en master g\u00e9n\u00e9raliste se fait sur concours.<\/p>\n\n\n\n<p>Ce dernier est organis\u00e9 en deux temps :<\/p>\n\n\n\n<ul class=\"wp-block-list\">\n<li><strong>Des \u00e9preuves dites d&rsquo;admissibilit\u00e9<\/strong><\/li>\n\n\n\n<li>Puis\u00a0<strong>une \u00e9preuve orale d&rsquo;admission<\/strong>\u00a0r\u00e9serv\u00e9e aux candidats d\u00e9clar\u00e9s admissibles par le jury du concours \u00e0 l&rsquo;issue des \u00e9preuves d&rsquo;admissibilit\u00e9.<\/li>\n<\/ul>\n\n\n\n<p>L&rsquo;inscription administrative se fera en ligne sur le site de l&rsquo;ESJ Lille \u00e0 partir de janvier.<\/p>\n\n\n<a href=\"https:\/\/esj.sciencespo-lille.eu\/wp-content\/uploads\/2020\/12\/Frais-de-concours.pdf\" class=\"pdfemb-viewer\" style=\"\" data-width=\"max\" data-height=\"max\" data-toolbar=\"bottom\" data-toolbar-fixed=\"off\">Frais-de-concours<\/a>\n<p class=\"wp-block-pdfemb-pdf-embedder-viewer\"><\/p>\n\n\n\n<p><\/p>\n\n\n\n<p><\/p>\n\n\n\n<p><\/p>\n\n\n\n<h4 class=\"wp-block-heading\"><strong>Epreuve d&rsquo;admissibilit\u00e9<\/strong><\/h4>\n\n\n\n<p><strong>Questionnaire en ligne<\/strong><\/p>\n\n\n\n<p>L&rsquo;admissibilit\u00e9 se fait en deux phases. La premi\u00e8re est un questionnaire en ligne visant \u00e0 v\u00e9rifier les connaissances du candidat en actualit\u00e9, compr\u00e9hension du monde contemporain et langue fran\u00e7aise. Cette \u00e9preuve aura lieu en mars ou en avril. La date sera pr\u00e9cis\u00e9e d\u00e9but janvier.&nbsp;<\/p>\n\n\n\n<p><strong>Dossier de motivation<\/strong><\/p>\n\n\n\n<p>L&rsquo;admissibilit\u00e9 se fait en deux phases. Apr\u00e8s avoir renseign\u00e9 le questionnaire en ligne, le candidat r\u00e9alise un dossier de motivation, compos\u00e9 de textes r\u00e9dig\u00e9s visant \u00e0 mieux le conna\u00eetre : parcours, connaissance du monde des m\u00e9dias et style \u00e9crit. Le d\u00e9tail des pi\u00e8ces \u00e0 fournir et la date limite de d\u00e9p\u00f4t du dossier seront pr\u00e9cis\u00e9s d\u00e9but janvier.<\/p>\n\n\n\n<p><\/p>\n\n\n\n<p><\/p>\n\n\n\n<p><\/p>\n\n\n\n<h4 class=\"wp-block-heading\"><strong>Epreuve d&rsquo;admission<\/strong><\/h4>\n\n\n\n<p><strong>Oral<\/strong>&nbsp;<\/p>\n\n\n\n<p>Les candidat(e)s ayant r\u00e9ussi les \u00e9preuves d\u2019admissibilit\u00e9 seront convoqu\u00e9(e)s pour un oral de motivation au mois de juin. Il s\u2019agira d\u2019un oral unique, de 40 mn environ, qui abordera \u00e0 la fois des questions d\u2019actualit\u00e9 et le projet professionnel et la motivation du candidat ou de la candidate. Cet oral se fera en pr\u00e9sence dans les locaux de l\u2019ESJ Lille ou \u00e0 distance en fonction de la situation sanitaire. Liste des admis publi\u00e9e \u00e0 la fin du mois de juin.<\/p>\n\n\n\n<p><\/p>\n\n\n\n<p><\/p>\n\n\n\n<p><\/p>\n","protected":false},"excerpt":{"rendered":"<p>Comment acc\u00e9der&nbsp;\u00e0 cette formation ?&nbsp; On y entre sur concours. Ce dernier est ouvert aux titulaires d&rsquo;une Licence ou de 180 cr\u00e9dits ECTS &#8211; ou d&rsquo;un dipl\u00f4me sup\u00e9rieur &#8211; \u00e0 la date de la rentr\u00e9e scolaire qui suit le concours. Il n&rsquo;est pas pos\u00e9 de condition d&rsquo;\u00e2ge ni de nombre maximal de candidatures au concours [&hellip;]<\/p>\n","protected":false},"author":1,"featured_media":0,"parent":0,"menu_order":0,"comment_status":"closed","ping_status":"closed","template":"","meta":{"_seopress_robots_primary_cat":"","_seopress_titles_title":"","_seopress_titles_desc":"","_seopress_robots_index":"","ocean_post_layout":"","ocean_both_sidebars_style":"","ocean_both_sidebars_content_width":0,"ocean_both_sidebars_sidebars_width":0,"ocean_sidebar":"0","ocean_second_sidebar":"0","ocean_disable_margins":"enable","ocean_add_body_class":"","ocean_shortcode_before_top_bar":"","ocean_shortcode_after_top_bar":"","ocean_shortcode_before_header":"","ocean_shortcode_after_header":"","ocean_has_shortcode":"","ocean_shortcode_after_title":"","ocean_shortcode_before_footer_widgets":"","ocean_shortcode_after_footer_widgets":"","ocean_shortcode_before_footer_bottom":"","ocean_shortcode_after_footer_bottom":"","ocean_display_top_bar":"default","ocean_display_header":"default","ocean_header_style":"","ocean_center_header_left_menu":"0","ocean_custom_header_template":"0","ocean_custom_logo":0,"ocean_custom_retina_logo":0,"ocean_custom_logo_max_width":0,"ocean_custom_logo_tablet_max_width":0,"ocean_custom_logo_mobile_max_width":0,"ocean_custom_logo_max_height":0,"ocean_custom_logo_tablet_max_height":0,"ocean_custom_logo_mobile_max_height":0,"ocean_header_custom_menu":"0","ocean_menu_typo_font_family":"0","ocean_menu_typo_font_subset":"","ocean_menu_typo_font_size":0,"ocean_menu_typo_font_size_tablet":0,"ocean_menu_typo_font_size_mobile":0,"ocean_menu_typo_font_size_unit":"px","ocean_menu_typo_font_weight":"","ocean_menu_typo_font_weight_tablet":"","ocean_menu_typo_font_weight_mobile":"","ocean_menu_typo_transform":"","ocean_menu_typo_transform_tablet":"","ocean_menu_typo_transform_mobile":"","ocean_menu_typo_line_height":0,"ocean_menu_typo_line_height_tablet":0,"ocean_menu_typo_line_height_mobile":0,"ocean_menu_typo_line_height_unit":"","ocean_menu_typo_spacing":0,"ocean_menu_typo_spacing_tablet":0,"ocean_menu_typo_spacing_mobile":0,"ocean_menu_typo_spacing_unit":"","ocean_menu_link_color":"","ocean_menu_link_color_hover":"","ocean_menu_link_color_active":"","ocean_menu_link_background":"","ocean_menu_link_hover_background":"","ocean_menu_link_active_background":"","ocean_menu_social_links_bg":"","ocean_menu_social_hover_links_bg":"","ocean_menu_social_links_color":"","ocean_menu_social_hover_links_color":"","ocean_disable_title":"default","ocean_disable_heading":"default","ocean_post_title":"","ocean_post_subheading":"","ocean_post_title_style":"","ocean_post_title_background_color":"","ocean_post_title_background":0,"ocean_post_title_bg_image_position":"","ocean_post_title_bg_image_attachment":"","ocean_post_title_bg_image_repeat":"","ocean_post_title_bg_image_size":"","ocean_post_title_height":0,"ocean_post_title_bg_overlay":0.5,"ocean_post_title_bg_overlay_color":"","ocean_disable_breadcrumbs":"default","ocean_breadcrumbs_color":"","ocean_breadcrumbs_separator_color":"","ocean_breadcrumbs_links_color":"","ocean_breadcrumbs_links_hover_color":"","ocean_display_footer_widgets":"default","ocean_display_footer_bottom":"default","ocean_custom_footer_template":"0","footnotes":""},"class_list":["post-187","page","type-page","status-publish","hentry","entry"],"_links":{"self":[{"href":"https:\/\/esj.sciencespo-lille.eu\/index.php\/wp-json\/wp\/v2\/pages\/187","targetHints":{"allow":["GET"]}}],"collection":[{"href":"https:\/\/esj.sciencespo-lille.eu\/index.php\/wp-json\/wp\/v2\/pages"}],"about":[{"href":"https:\/\/esj.sciencespo-lille.eu\/index.php\/wp-json\/wp\/v2\/types\/page"}],"author":[{"embeddable":true,"href":"https:\/\/esj.sciencespo-lille.eu\/index.php\/wp-json\/wp\/v2\/users\/1"}],"replies":[{"embeddable":true,"href":"https:\/\/esj.sciencespo-lille.eu\/index.php\/wp-json\/wp\/v2\/comments?post=187"}],"version-history":[{"count":16,"href":"https:\/\/esj.sciencespo-lille.eu\/index.php\/wp-json\/wp\/v2\/pages\/187\/revisions"}],"predecessor-version":[{"id":395,"href":"https:\/\/esj.sciencespo-lille.eu\/index.php\/wp-json\/wp\/v2\/pages\/187\/revisions\/395"}],"wp:attachment":[{"href":"https:\/\/esj.sciencespo-lille.eu\/index.php\/wp-json\/wp\/v2\/media?parent=187"}],"curies":[{"name":"wp","href":"https:\/\/api.w.org\/{rel}","templated":true}]}}