{"id":180,"date":"2020-12-13T10:40:23","date_gmt":"2020-12-13T09:40:23","guid":{"rendered":"http:\/\/esj.sciencespo-lille.eu\/?page_id=180"},"modified":"2022-03-16T14:31:36","modified_gmt":"2022-03-16T13:31:36","slug":"frais-de-scolarite","status":"publish","type":"page","link":"https:\/\/esj.sciencespo-lille.eu\/index.php\/frais-de-scolarite\/","title":{"rendered":"Frais de scolarit\u00e9"},"content":{"rendered":"\n<h4 class=\"wp-block-heading\"><strong>Vous \u00eates boursier<\/strong><\/h4>\n\n\n\n<p>Les frais de scolarit\u00e9 sont \u00e9tablis en fonction du bar\u00e8me des bourses du CROUS.<\/p>\n\n\n\n<p>Un m\u00e9canisme de modulation des droits d\u2019inscription est entr\u00e9 en vigueur \u00e0 la rentr\u00e9e 2020. Dans un souci de plus grande \u00e9quit\u00e9 sociale entre les \u00e9l\u00e8ves, la modulation est \u00e9tablie en fonction du revenu fiscal des parents et repose sur un syst\u00e8me de progressivit\u00e9.<\/p>\n\n\n\n<p><strong>Tarifs<\/strong><\/p>\n\n\n\n<p>Montant annuel des frais de scolarit\u00e9 pour les \u00e9tudiants boursiers.<\/p>\n\n\n<a href=\"https:\/\/esj.sciencespo-lille.eu\/wp-content\/uploads\/2020\/12\/Montant-annuel-des-frais-de-scolarite-pour-les-etudiants-boursier-.pdf\" class=\"pdfemb-viewer\" style=\"\" data-width=\"max\" data-height=\"max\" data-toolbar=\"bottom\" data-toolbar-fixed=\"off\">Montant-annuel-des-frais-de-scolarite-pour-les-etudiants-boursier-<\/a>\n<p class=\"wp-block-pdfemb-pdf-embedder-viewer\"><\/p>\n\n\n\n<p><strong>Pi\u00e8ces \u00e0 fournir pour l&rsquo;\u00e9tude de votre dossier<\/strong> <\/p>\n\n\n\n<ul class=\"wp-block-list\"><li>L&rsquo;avis conditionnel de bourse du CROUS pour l&rsquo;ann\u00e9e universitaire \u00e0 venir.<\/li><li>L&rsquo;avis d\u00e9finitif sera \u00e0 transmettre en septembre prochain.<\/li><\/ul>\n\n\n\n<p><\/p>\n\n\n\n<hr class=\"wp-block-separator has-text-color has-background is-style-wide\" style=\"background-color:#e6e6e6;color:#e6e6e6\"\/>\n\n\n\n<p><\/p>\n\n\n\n<h4 class=\"wp-block-heading\"><strong>Vous n&rsquo;\u00eates pas boursier<\/strong><\/h4>\n\n\n\n<p><strong>Tarifs<\/strong><\/p>\n\n\n<a href=\"https:\/\/esj.sciencespo-lille.eu\/wp-content\/uploads\/2020\/12\/Estimatif-du-montant-annuel-des-frais-de-scolarite.pdf\" class=\"pdfemb-viewer\" style=\"\" data-width=\"max\" data-height=\"max\" data-toolbar=\"bottom\" data-toolbar-fixed=\"off\">Estimatif-du-montant-annuel-des-frais-de-scolarite<\/a>\n<p class=\"wp-block-pdfemb-pdf-embedder-viewer\"><\/p>\n\n\n\n<p>\u00c0 noter :<br>Ce tableau poss\u00e8de une port\u00e9e indicative et g\u00e9n\u00e9rale, les dispositions particuli\u00e8res auxquelles vous pouvez potentiellement \u00eatre soumis seront \u00e9tudi\u00e9es au cas par cas.<br><a href=\"http:\/\/esj-lille.fr\/upload\/document\/liste.pdf\" target=\"_blank\" rel=\"noreferrer noopener\">Pour consulter les dispositions particuli\u00e8res.<\/a><\/p>\n\n\n\n<p><strong>Pi\u00e8ces \u00e0 fournir pour l&rsquo;\u00e9tudie de votre dossier<\/strong><\/p>\n\n\n\n<ul class=\"wp-block-list\"><li>Avis fiscaux \u00e9trangers ou documents assimil\u00e9s, accompagn\u00e9s de leur traduction, pour les personnes qui r\u00e9sident et\/ou travaillent \u00e0 l&rsquo;\u00e9tranger<\/li><li>Photocopie de toutes les pages du dernier avis fiscal ou des derniers avis fiscaux de vos parents (sur les revenus de l&rsquo;ann\u00e9e derni\u00e8re), et votre propre avis fiscal en cas de d\u00e9claration s\u00e9par\u00e9e<\/li><li>Situations particuli\u00e8res :&nbsp;<a href=\"http:\/\/esj-lille.fr\/upload\/document\/liste.pdf\" target=\"_blank\" rel=\"noreferrer noopener\">voir la liste des justificatifs<\/a><\/li><\/ul>\n\n\n\n<p>Attention, ces nouvelles modulations de tarifs ne concernent que les \u00e9tudiants qui sont entr\u00e9s \u00e0 l\u2019\u00e9cole depuis la rentr\u00e9e 2020-2021 ; les \u00e9tudiants d\u00e9j\u00e0 scolaris\u00e9s pr\u00e9c\u00e9demment dans un parcours de l\u2019\u00e9cole et qui y poursuivront leur scolarit\u00e9 ne sont pas concern\u00e9s.<\/p>\n\n\n\n<p><strong>Les frais de concours ne sont pas remboursables<\/strong>, quels qu\u2019en soient les motifs (candidature non retenue, incompl\u00e8te, abandon&#8230;).<\/p>\n\n\n\n<p><\/p>\n\n\n\n<hr class=\"wp-block-separator has-text-color has-background is-style-wide\" style=\"background-color:#e6e6e6;color:#e6e6e6\"\/>\n\n\n\n<p><\/p>\n\n\n\n<p>Depuis l\u2019accord de double diplomation avec&nbsp;Sciences Po Lille, <strong>les \u00e9tudiants doivent \u00e9galement acquitter les frais de scolarit\u00e9 de Sciences Po Lille<\/strong> qui s\u2019\u00e9levaient en 2021-2022 \u00e0 1210 euros (gratuit\u00e9 pour les boursiers sur crit\u00e8res sociaux).<\/p>\n\n\n\n<p><\/p>\n\n\n\n<hr class=\"wp-block-separator has-text-color has-background is-style-wide\" style=\"background-color:#e6e6e6;color:#e6e6e6\"\/>\n\n\n\n<p><\/p>\n\n\n\n<p>Pour plus d&rsquo;informations sur les modalit\u00e9s d&rsquo;inscription, cliquez <a href=\"http:\/\/esj-lille.fr\/formation.php?id_formation=20\" target=\"_blank\" rel=\"noreferrer noopener\">ici<\/a> (rubrique : \u00ab\u00a0inscription\u00a0\u00bb).<\/p>\n","protected":false},"excerpt":{"rendered":"<p>Vous \u00eates boursier Les frais de scolarit\u00e9 sont \u00e9tablis en fonction du bar\u00e8me des bourses du CROUS. Un m\u00e9canisme de modulation des droits d\u2019inscription est entr\u00e9 en vigueur \u00e0 la rentr\u00e9e 2020. Dans un souci de plus grande \u00e9quit\u00e9 sociale entre les \u00e9l\u00e8ves, la modulation est \u00e9tablie en fonction du revenu fiscal des parents et [&hellip;]<\/p>\n","protected":false},"author":1,"featured_media":0,"parent":0,"menu_order":0,"comment_status":"closed","ping_status":"closed","template":"","meta":{"_seopress_robots_primary_cat":"","_seopress_titles_title":"","_seopress_titles_desc":"","_seopress_robots_index":"","ocean_post_layout":"","ocean_both_sidebars_style":"","ocean_both_sidebars_content_width":0,"ocean_both_sidebars_sidebars_width":0,"ocean_sidebar":"0","ocean_second_sidebar":"0","ocean_disable_margins":"enable","ocean_add_body_class":"","ocean_shortcode_before_top_bar":"","ocean_shortcode_after_top_bar":"","ocean_shortcode_before_header":"","ocean_shortcode_after_header":"","ocean_has_shortcode":"","ocean_shortcode_after_title":"","ocean_shortcode_before_footer_widgets":"","ocean_shortcode_after_footer_widgets":"","ocean_shortcode_before_footer_bottom":"","ocean_shortcode_after_footer_bottom":"","ocean_display_top_bar":"default","ocean_display_header":"default","ocean_header_style":"","ocean_center_header_left_menu":"0","ocean_custom_header_template":"0","ocean_custom_logo":0,"ocean_custom_retina_logo":0,"ocean_custom_logo_max_width":0,"ocean_custom_logo_tablet_max_width":0,"ocean_custom_logo_mobile_max_width":0,"ocean_custom_logo_max_height":0,"ocean_custom_logo_tablet_max_height":0,"ocean_custom_logo_mobile_max_height":0,"ocean_header_custom_menu":"0","ocean_menu_typo_font_family":"0","ocean_menu_typo_font_subset":"","ocean_menu_typo_font_size":0,"ocean_menu_typo_font_size_tablet":0,"ocean_menu_typo_font_size_mobile":0,"ocean_menu_typo_font_size_unit":"px","ocean_menu_typo_font_weight":"","ocean_menu_typo_font_weight_tablet":"","ocean_menu_typo_font_weight_mobile":"","ocean_menu_typo_transform":"","ocean_menu_typo_transform_tablet":"","ocean_menu_typo_transform_mobile":"","ocean_menu_typo_line_height":0,"ocean_menu_typo_line_height_tablet":0,"ocean_menu_typo_line_height_mobile":0,"ocean_menu_typo_line_height_unit":"","ocean_menu_typo_spacing":0,"ocean_menu_typo_spacing_tablet":0,"ocean_menu_typo_spacing_mobile":0,"ocean_menu_typo_spacing_unit":"","ocean_menu_link_color":"","ocean_menu_link_color_hover":"","ocean_menu_link_color_active":"","ocean_menu_link_background":"","ocean_menu_link_hover_background":"","ocean_menu_link_active_background":"","ocean_menu_social_links_bg":"","ocean_menu_social_hover_links_bg":"","ocean_menu_social_links_color":"","ocean_menu_social_hover_links_color":"","ocean_disable_title":"default","ocean_disable_heading":"default","ocean_post_title":"","ocean_post_subheading":"","ocean_post_title_style":"","ocean_post_title_background_color":"","ocean_post_title_background":0,"ocean_post_title_bg_image_position":"","ocean_post_title_bg_image_attachment":"","ocean_post_title_bg_image_repeat":"","ocean_post_title_bg_image_size":"","ocean_post_title_height":0,"ocean_post_title_bg_overlay":0.5,"ocean_post_title_bg_overlay_color":"","ocean_disable_breadcrumbs":"default","ocean_breadcrumbs_color":"","ocean_breadcrumbs_separator_color":"","ocean_breadcrumbs_links_color":"","ocean_breadcrumbs_links_hover_color":"","ocean_display_footer_widgets":"default","ocean_display_footer_bottom":"default","ocean_custom_footer_template":"0","footnotes":""},"class_list":["post-180","page","type-page","status-publish","hentry","entry"],"_links":{"self":[{"href":"https:\/\/esj.sciencespo-lille.eu\/index.php\/wp-json\/wp\/v2\/pages\/180","targetHints":{"allow":["GET"]}}],"collection":[{"href":"https:\/\/esj.sciencespo-lille.eu\/index.php\/wp-json\/wp\/v2\/pages"}],"about":[{"href":"https:\/\/esj.sciencespo-lille.eu\/index.php\/wp-json\/wp\/v2\/types\/page"}],"author":[{"embeddable":true,"href":"https:\/\/esj.sciencespo-lille.eu\/index.php\/wp-json\/wp\/v2\/users\/1"}],"replies":[{"embeddable":true,"href":"https:\/\/esj.sciencespo-lille.eu\/index.php\/wp-json\/wp\/v2\/comments?post=180"}],"version-history":[{"count":9,"href":"https:\/\/esj.sciencespo-lille.eu\/index.php\/wp-json\/wp\/v2\/pages\/180\/revisions"}],"predecessor-version":[{"id":360,"href":"https:\/\/esj.sciencespo-lille.eu\/index.php\/wp-json\/wp\/v2\/pages\/180\/revisions\/360"}],"wp:attachment":[{"href":"https:\/\/esj.sciencespo-lille.eu\/index.php\/wp-json\/wp\/v2\/media?parent=180"}],"curies":[{"name":"wp","href":"https:\/\/api.w.org\/{rel}","templated":true}]}}