{"id":17,"date":"2020-11-16T20:14:35","date_gmt":"2020-11-16T19:14:35","guid":{"rendered":"http:\/\/esj.sciencespo-lille.eu\/?page_id=17"},"modified":"2022-02-25T22:40:03","modified_gmt":"2022-02-25T21:40:03","slug":"temoignages-detudiants-et-detudiantes-en-double-diplome-esj","status":"publish","type":"page","link":"https:\/\/esj.sciencespo-lille.eu\/index.php\/temoignages-detudiants-et-detudiantes-en-double-diplome-esj\/","title":{"rendered":"T\u00e9moignages d&rsquo;\u00e9tudiantes et d&rsquo;\u00e9tudiants en double-dipl\u00f4me ESJ"},"content":{"rendered":"\n<div class=\"wp-block-image\"><figure class=\"aligncenter size-large is-resized\"><img decoding=\"async\" src=\"http:\/\/esj.sciencespo-lille.eu\/wp-content\/uploads\/2020\/12\/130768872_865842194232229_7034583494213686194_n.png\" alt=\"\" class=\"wp-image-144\" width=\"138\" height=\"138\" srcset=\"https:\/\/esj.sciencespo-lille.eu\/wp-content\/uploads\/2020\/12\/130768872_865842194232229_7034583494213686194_n.png 500w, https:\/\/esj.sciencespo-lille.eu\/wp-content\/uploads\/2020\/12\/130768872_865842194232229_7034583494213686194_n-300x300.png 300w, https:\/\/esj.sciencespo-lille.eu\/wp-content\/uploads\/2020\/12\/130768872_865842194232229_7034583494213686194_n-150x150.png 150w\" sizes=\"(max-width: 138px) 100vw, 138px\" \/><\/figure><\/div>\n\n\n\n<figure class=\"wp-block-embed is-type-rich is-provider-prise-en-charge-des-contenus-embarques wp-block-embed-prise-en-charge-des-contenus-embarques wp-embed-aspect-16-9 wp-has-aspect-ratio\"><div class=\"wp-block-embed__wrapper\">\n<p class=\"responsive-video-wrap clr\"><iframe title=\"Double dipl\u00f4me Sciences Po Lille \/ \u00c9cole Sup\u00e9rieure de Journalisme de Lille\" width=\"1200\" height=\"675\" src=\"https:\/\/www.youtube.com\/embed\/ey9PDl8QbKQ?feature=oembed\" frameborder=\"0\" allow=\"accelerometer; autoplay; clipboard-write; encrypted-media; gyroscope; picture-in-picture\" allowfullscreen><\/iframe><\/p>\n<\/div><\/figure>\n\n\n\n<div style=\"height:30px\" aria-hidden=\"true\" class=\"wp-block-spacer\"><\/div>\n\n\n\n<hr class=\"wp-block-separator has-text-color has-background is-style-wide\" style=\"background-color:#e6e6e6;color:#e6e6e6\"\/>\n\n\n\n<div class=\"wp-block-media-text alignwide is-stacked-on-mobile\" style=\"grid-template-columns:28% auto\"><figure class=\"wp-block-media-text__media\"><img fetchpriority=\"high\" decoding=\"async\" width=\"570\" height=\"1024\" src=\"http:\/\/esj.sciencespo-lille.eu\/wp-content\/uploads\/2020\/12\/Capture-decran-2020-12-12-a-17.59.34-570x1024.png\" alt=\"\" class=\"wp-image-167 size-full\" srcset=\"https:\/\/esj.sciencespo-lille.eu\/wp-content\/uploads\/2020\/12\/Capture-decran-2020-12-12-a-17.59.34-570x1024.png 570w, https:\/\/esj.sciencespo-lille.eu\/wp-content\/uploads\/2020\/12\/Capture-decran-2020-12-12-a-17.59.34-167x300.png 167w, https:\/\/esj.sciencespo-lille.eu\/wp-content\/uploads\/2020\/12\/Capture-decran-2020-12-12-a-17.59.34-768x1379.png 768w, https:\/\/esj.sciencespo-lille.eu\/wp-content\/uploads\/2020\/12\/Capture-decran-2020-12-12-a-17.59.34.png 822w\" sizes=\"(max-width: 570px) 100vw, 570px\" \/><\/figure><div class=\"wp-block-media-text__content\">\n<p><\/p>\n\n\n\n<p><\/p>\n\n\n\n<p style=\"font-size:18px\"><strong>Alexandre Aflalo,<\/strong> promotion 2019 (Eug\u00e8ne Ionesco), journaliste pigiste chez SOFOOT en 2020<\/p>\n<\/div><\/div>\n\n\n\n<blockquote class=\"wp-block-quote is-layout-flow wp-block-quote-is-layout-flow\"><p>\u201cJ&rsquo;ai rejoint Sciences Po Lille exclusivement pour faire le double dipl\u00f4me avec l&rsquo;ESJ. Mon r\u00eave \u00e9tait de devenir journaliste, et l&rsquo;ESJ est l&rsquo;une des, si ce n&rsquo;est la, plus r\u00e9put\u00e9e des \u00e9coles de journalisme. Une fois que j&rsquo;ai atteint la 3e ann\u00e9e, le choix ne s&rsquo;est donc m\u00eame pas pos\u00e9 pour moi.\u201d<\/p><\/blockquote>\n\n\n\n<blockquote class=\"wp-block-quote is-layout-flow wp-block-quote-is-layout-flow\"><p>\u201cSans doute l&rsquo;ambiance, le c\u00f4t\u00e9 familial. L&rsquo;ESJ est une grande institution mais une structure relativement petite, avec des promotions d&rsquo;une soixantaine d&rsquo;\u00e9l\u00e8ves. On se connaissait tous et se c\u00f4toyait tous quotidiennement, en promo ou en petits groupes, et \u00e7a cr\u00e9ait une ambiance de vie et de travail agr\u00e9ables. D&rsquo;autant que les relations avec les profs\/intervenants et avec l&rsquo;administration \u00e9taient aussi, en ce qui me concerne, tr\u00e8s agr\u00e9ables : des relations entre adultes passionn\u00e9s par un m\u00eame m\u00e9tier, et qui se parlent d&rsquo;\u00e9gal \u00e0 \u00e9gal.\u201d<\/p><\/blockquote>\n\n\n\n<blockquote class=\"wp-block-quote is-layout-flow wp-block-quote-is-layout-flow\"><p>\u201cOn avait assez peu d\u2019enseignements de Sciences Po par rapport au volume de cours de l\u2019ESJ (un jour par semaine en M1, une semaine par semestre en M2). Ils constituaient un apport th\u00e9orique et compl\u00e9mentaire de notre travail \u00e0 l\u2019ESJ, mais en aucun cas le coeur m\u00eame de la formation. En revanche sur un plan personnel et de fa\u00e7on plus g\u00e9n\u00e9rale, Sciences Po Lille m&rsquo;a permis d&rsquo;avoir un acc\u00e8s \u00ab\u00a0facilit\u00e9\u00a0\u00bb au concours (puisque les \u00e9tudiants de SPL ne passent pas l&rsquo;\u00e9crit de l&rsquo;ESJ) et les trois premi\u00e8res ann\u00e9es ont constitu\u00e9 un bon socle en termes d&rsquo;exp\u00e9riences et de connaissances qui m&rsquo;ont ind\u00e9niablement servi par la suite. Les \u00e9tudes \u00e0 Sciences Po Lille sont des \u00e9tudes de qualit\u00e9, et je suis tr\u00e8s content d&rsquo;avoir pu m&rsquo;y pr\u00e9parer \u00e0 l&rsquo;ESJ.\u201d<\/p><\/blockquote>\n\n\n\n<p><\/p>\n","protected":false},"excerpt":{"rendered":"<p>Alexandre Aflalo, promotion 2019 (Eug\u00e8ne Ionesco), journaliste pigiste chez SOFOOT en 2020 \u201cJ&rsquo;ai rejoint Sciences Po Lille exclusivement pour faire le double dipl\u00f4me avec l&rsquo;ESJ. Mon r\u00eave \u00e9tait de devenir journaliste, et l&rsquo;ESJ est l&rsquo;une des, si ce n&rsquo;est la, plus r\u00e9put\u00e9e des \u00e9coles de journalisme. Une fois que j&rsquo;ai atteint la 3e ann\u00e9e, le [&hellip;]<\/p>\n","protected":false},"author":1,"featured_media":0,"parent":0,"menu_order":0,"comment_status":"closed","ping_status":"closed","template":"","meta":{"_seopress_robots_primary_cat":"","_seopress_titles_title":"","_seopress_titles_desc":"","_seopress_robots_index":"","ocean_post_layout":"","ocean_both_sidebars_style":"","ocean_both_sidebars_content_width":0,"ocean_both_sidebars_sidebars_width":0,"ocean_sidebar":"0","ocean_second_sidebar":"0","ocean_disable_margins":"enable","ocean_add_body_class":"","ocean_shortcode_before_top_bar":"","ocean_shortcode_after_top_bar":"","ocean_shortcode_before_header":"","ocean_shortcode_after_header":"","ocean_has_shortcode":"","ocean_shortcode_after_title":"","ocean_shortcode_before_footer_widgets":"","ocean_shortcode_after_footer_widgets":"","ocean_shortcode_before_footer_bottom":"","ocean_shortcode_after_footer_bottom":"","ocean_display_top_bar":"default","ocean_display_header":"default","ocean_header_style":"","ocean_center_header_left_menu":"0","ocean_custom_header_template":"0","ocean_custom_logo":0,"ocean_custom_retina_logo":0,"ocean_custom_logo_max_width":0,"ocean_custom_logo_tablet_max_width":0,"ocean_custom_logo_mobile_max_width":0,"ocean_custom_logo_max_height":0,"ocean_custom_logo_tablet_max_height":0,"ocean_custom_logo_mobile_max_height":0,"ocean_header_custom_menu":"0","ocean_menu_typo_font_family":"0","ocean_menu_typo_font_subset":"","ocean_menu_typo_font_size":0,"ocean_menu_typo_font_size_tablet":0,"ocean_menu_typo_font_size_mobile":0,"ocean_menu_typo_font_size_unit":"px","ocean_menu_typo_font_weight":"","ocean_menu_typo_font_weight_tablet":"","ocean_menu_typo_font_weight_mobile":"","ocean_menu_typo_transform":"","ocean_menu_typo_transform_tablet":"","ocean_menu_typo_transform_mobile":"","ocean_menu_typo_line_height":0,"ocean_menu_typo_line_height_tablet":0,"ocean_menu_typo_line_height_mobile":0,"ocean_menu_typo_line_height_unit":"","ocean_menu_typo_spacing":0,"ocean_menu_typo_spacing_tablet":0,"ocean_menu_typo_spacing_mobile":0,"ocean_menu_typo_spacing_unit":"","ocean_menu_link_color":"","ocean_menu_link_color_hover":"","ocean_menu_link_color_active":"","ocean_menu_link_background":"","ocean_menu_link_hover_background":"","ocean_menu_link_active_background":"","ocean_menu_social_links_bg":"","ocean_menu_social_hover_links_bg":"","ocean_menu_social_links_color":"","ocean_menu_social_hover_links_color":"","ocean_disable_title":"default","ocean_disable_heading":"default","ocean_post_title":"","ocean_post_subheading":"","ocean_post_title_style":"","ocean_post_title_background_color":"","ocean_post_title_background":0,"ocean_post_title_bg_image_position":"","ocean_post_title_bg_image_attachment":"","ocean_post_title_bg_image_repeat":"","ocean_post_title_bg_image_size":"","ocean_post_title_height":0,"ocean_post_title_bg_overlay":0.5,"ocean_post_title_bg_overlay_color":"","ocean_disable_breadcrumbs":"default","ocean_breadcrumbs_color":"","ocean_breadcrumbs_separator_color":"","ocean_breadcrumbs_links_color":"","ocean_breadcrumbs_links_hover_color":"","ocean_display_footer_widgets":"default","ocean_display_footer_bottom":"default","ocean_custom_footer_template":"0","footnotes":""},"class_list":["post-17","page","type-page","status-publish","hentry","entry"],"_links":{"self":[{"href":"https:\/\/esj.sciencespo-lille.eu\/index.php\/wp-json\/wp\/v2\/pages\/17","targetHints":{"allow":["GET"]}}],"collection":[{"href":"https:\/\/esj.sciencespo-lille.eu\/index.php\/wp-json\/wp\/v2\/pages"}],"about":[{"href":"https:\/\/esj.sciencespo-lille.eu\/index.php\/wp-json\/wp\/v2\/types\/page"}],"author":[{"embeddable":true,"href":"https:\/\/esj.sciencespo-lille.eu\/index.php\/wp-json\/wp\/v2\/users\/1"}],"replies":[{"embeddable":true,"href":"https:\/\/esj.sciencespo-lille.eu\/index.php\/wp-json\/wp\/v2\/comments?post=17"}],"version-history":[{"count":10,"href":"https:\/\/esj.sciencespo-lille.eu\/index.php\/wp-json\/wp\/v2\/pages\/17\/revisions"}],"predecessor-version":[{"id":341,"href":"https:\/\/esj.sciencespo-lille.eu\/index.php\/wp-json\/wp\/v2\/pages\/17\/revisions\/341"}],"wp:attachment":[{"href":"https:\/\/esj.sciencespo-lille.eu\/index.php\/wp-json\/wp\/v2\/media?parent=17"}],"curies":[{"name":"wp","href":"https:\/\/api.w.org\/{rel}","templated":true}]}}